{"id":31,"date":"2010-12-22T16:19:26","date_gmt":"2010-12-22T14:19:26","guid":{"rendered":"http:\/\/www.runathome.de\/blog\/?page_id=31"},"modified":"2019-05-13T17:37:57","modified_gmt":"2019-05-13T15:37:57","slug":"guestbook","status":"publish","type":"page","link":"http:\/\/www.runathome.de\/?page_id=31","title":{"rendered":"G\u00e4stebuch"},"content":{"rendered":"<p><img loading=\"lazy\" decoding=\"async\" class=\"size-full wp-image-94 alignleft\" src=\"http:\/\/www.runathome.de\/blog\/wp-content\/uploads\/2011\/01\/rahV11_self03.jpg\" alt=\"\" width=\"250\" height=\"250\" srcset=\"http:\/\/www.runathome.de\/blog\/wp-content\/uploads\/2011\/01\/rahV11_self03.jpg 250w, http:\/\/www.runathome.de\/blog\/wp-content\/uploads\/2011\/01\/rahV11_self03-150x150.jpg 150w\" sizes=\"auto, (max-width: 250px) 100vw, 250px\" \/>Willkommen im G\u00e4stebuch auf <span style=\"color: #ffffff;\">runathome<\/span>. \u00dcber deinen Eintrag w\u00fcrde ich mich freuen.<\/p>\n\n\n<p><\/p>\n","protected":false},"excerpt":{"rendered":"<p>Willkommen im G\u00e4stebuch auf runathome. \u00dcber deinen Eintrag w\u00fcrde ich mich freuen.<\/p>\n","protected":false},"author":4,"featured_media":94,"parent":0,"menu_order":0,"comment_status":"open","ping_status":"closed","template":"","meta":{"ngg_post_thumbnail":0,"footnotes":""},"class_list":["post-31","page","type-page","status-publish","has-post-thumbnail","hentry"],"_links":{"self":[{"href":"http:\/\/www.runathome.de\/index.php?rest_route=\/wp\/v2\/pages\/31","targetHints":{"allow":["GET"]}}],"collection":[{"href":"http:\/\/www.runathome.de\/index.php?rest_route=\/wp\/v2\/pages"}],"about":[{"href":"http:\/\/www.runathome.de\/index.php?rest_route=\/wp\/v2\/types\/page"}],"author":[{"embeddable":true,"href":"http:\/\/www.runathome.de\/index.php?rest_route=\/wp\/v2\/users\/4"}],"replies":[{"embeddable":true,"href":"http:\/\/www.runathome.de\/index.php?rest_route=%2Fwp%2Fv2%2Fcomments&post=31"}],"version-history":[{"count":1,"href":"http:\/\/www.runathome.de\/index.php?rest_route=\/wp\/v2\/pages\/31\/revisions"}],"predecessor-version":[{"id":1675,"href":"http:\/\/www.runathome.de\/index.php?rest_route=\/wp\/v2\/pages\/31\/revisions\/1675"}],"wp:featuredmedia":[{"embeddable":true,"href":"http:\/\/www.runathome.de\/index.php?rest_route=\/wp\/v2\/media\/94"}],"wp:attachment":[{"href":"http:\/\/www.runathome.de\/index.php?rest_route=%2Fwp%2Fv2%2Fmedia&parent=31"}],"curies":[{"name":"wp","href":"https:\/\/api.w.org\/{rel}","templated":true}]}}